{"id":12,"date":"2016-03-09T16:54:30","date_gmt":"2016-03-09T15:54:30","guid":{"rendered":"http:\/\/maler-neubauer.de\/wordpress\/?page_id=12"},"modified":"2025-01-29T11:59:33","modified_gmt":"2025-01-29T10:59:33","slug":"wir-ueber-uns","status":"publish","type":"page","link":"http:\/\/maler-neubauer.de\/wordpress\/wir-ueber-uns\/","title":{"rendered":"Wir \u00fcber uns"},"content":{"rendered":"<p>Im April 1994 wurde das private Unternehmen von Michael Neubauer gegr\u00fcndet.<\/p>\n<p>Es entwickelte sich von einem Ein-Mann-Betrieb zu einer erfolgreichen Firma, welche zur Zeit 37 gut ausgebildete Facharbeiter besch\u00e4ftigt.<\/p>\n<p><a href=\"http:\/\/maler-neubauer.de\/wordpress\/wp-content\/uploads\/2025\/01\/c780c0f9-ff48-4b37-a604-beba34bd9ac7.jpg\" rel=\"lightbox[12]\"><img loading=\"lazy\" decoding=\"async\" class=\"wp-image-628 alignleft\" src=\"http:\/\/maler-neubauer.de\/wordpress\/wp-content\/uploads\/2025\/01\/c780c0f9-ff48-4b37-a604-beba34bd9ac7.jpg\" alt=\"\" width=\"422\" height=\"381\" srcset=\"http:\/\/maler-neubauer.de\/wordpress\/wp-content\/uploads\/2025\/01\/c780c0f9-ff48-4b37-a604-beba34bd9ac7.jpg 1702w, http:\/\/maler-neubauer.de\/wordpress\/wp-content\/uploads\/2025\/01\/c780c0f9-ff48-4b37-a604-beba34bd9ac7-300x271.jpg 300w, http:\/\/maler-neubauer.de\/wordpress\/wp-content\/uploads\/2025\/01\/c780c0f9-ff48-4b37-a604-beba34bd9ac7-1024x924.jpg 1024w, http:\/\/maler-neubauer.de\/wordpress\/wp-content\/uploads\/2025\/01\/c780c0f9-ff48-4b37-a604-beba34bd9ac7-768x693.jpg 768w, http:\/\/maler-neubauer.de\/wordpress\/wp-content\/uploads\/2025\/01\/c780c0f9-ff48-4b37-a604-beba34bd9ac7-1536x1386.jpg 1536w, http:\/\/maler-neubauer.de\/wordpress\/wp-content\/uploads\/2025\/01\/c780c0f9-ff48-4b37-a604-beba34bd9ac7-660x596.jpg 660w\" sizes=\"auto, (max-width: 422px) 100vw, 422px\" \/><\/a><\/p>\n<p>Das oberste Privileg bei der Auswahl unseres Personals ist handwerkliches K\u00f6nnen, Zuverl\u00e4ssigkeit, Kreativit\u00e4t und kompetentes Handeln. Dies sind Voraussetzungen f\u00fcr unsere qualitative Arbeit, was durch den stetig wachsenden Kundenkreis best\u00e4tigt wird.<\/p>\n<p>Wir bearbeiten Ihre Auftr\u00e4ge termin- und fachgerecht und mit dem richtigen Blick f\u00fcr die stilvolle Umsetzung Ihrer W\u00fcnsche. Falls sie noch keine konkreten Vorstellungen haben, beraten wir Sie nat\u00fcrlich gern.<\/p>\n<p>&nbsp;<\/p>\n<p>&nbsp;<\/p>\n<p>&nbsp;<\/p>\n<p>&nbsp;<\/p>\n<p>&nbsp;<\/p>\n<p>&nbsp;<\/p>\n<p>In Zeite<a href=\"http:\/\/maler-neubauer.de\/wordpress\/wp-content\/uploads\/2025\/01\/image-scaled.jpeg\" rel=\"lightbox[12]\"><img loading=\"lazy\" decoding=\"async\" class=\"wp-image-629 alignright\" src=\"http:\/\/maler-neubauer.de\/wordpress\/wp-content\/uploads\/2025\/01\/image-scaled.jpeg\" alt=\"\" width=\"470\" height=\"313\" srcset=\"http:\/\/maler-neubauer.de\/wordpress\/wp-content\/uploads\/2025\/01\/image-scaled.jpeg 2560w, http:\/\/maler-neubauer.de\/wordpress\/wp-content\/uploads\/2025\/01\/image-300x200.jpeg 300w, http:\/\/maler-neubauer.de\/wordpress\/wp-content\/uploads\/2025\/01\/image-1024x683.jpeg 1024w, http:\/\/maler-neubauer.de\/wordpress\/wp-content\/uploads\/2025\/01\/image-768x512.jpeg 768w, http:\/\/maler-neubauer.de\/wordpress\/wp-content\/uploads\/2025\/01\/image-1536x1024.jpeg 1536w, http:\/\/maler-neubauer.de\/wordpress\/wp-content\/uploads\/2025\/01\/image-2048x1365.jpeg 2048w, http:\/\/maler-neubauer.de\/wordpress\/wp-content\/uploads\/2025\/01\/image-660x440.jpeg 660w\" sizes=\"auto, (max-width: 470px) 100vw, 470px\" \/><\/a>n des demografischen Wandels ist es f\u00fcr Unternehmen entscheidend, neue, junge Leute in ihre Reihen zu holen.<\/p>\n<p>Wir haben hier bereits vorgesorgt und sind nun seit 2023 f\u00fcnf Gesch\u00e4ftsf\u00fchrer.<\/p>\n<p>Zu dem Gr\u00fcnder Michael Neubauer kam in den n\u00e4chsten Jahren noch Iris Neubauer, Marco Jahn, Tino Bamfaste und Susann Neubauer dazu.<\/p>\n<p>&nbsp;<\/p>\n<p>&nbsp;<\/p>\n<p>&nbsp;<\/p>\n","protected":false},"excerpt":{"rendered":"<p>Im April 1994 wurde das private Unternehmen von Michael Neubauer gegr\u00fcndet. Es entwickelte sich von einem Ein-Mann-Betrieb zu einer erfolgreichen Firma, welche zur Zeit 37 gut ausgebildete Facharbeiter besch\u00e4ftigt. Das oberste Privileg bei der Auswahl unseres Personals ist handwerkliches K\u00f6nnen, Zuverl\u00e4ssigkeit, Kreativit\u00e4t und kompetentes Handeln. Dies sind Voraussetzungen f\u00fcr unsere qualitative Arbeit, was durch den&#8230; <a class=\"moretag\" href=\"http:\/\/maler-neubauer.de\/wordpress\/wir-ueber-uns\/\">Weiter lesen &raquo;<\/a><\/p>\n","protected":false},"author":1,"featured_media":0,"parent":0,"menu_order":0,"comment_status":"closed","ping_status":"closed","template":"page-templates\/full-width.php","meta":{"footnotes":""},"class_list":["post-12","page","type-page","status-publish","hentry"],"_links":{"self":[{"href":"http:\/\/maler-neubauer.de\/wordpress\/wp-json\/wp\/v2\/pages\/12","targetHints":{"allow":["GET"]}}],"collection":[{"href":"http:\/\/maler-neubauer.de\/wordpress\/wp-json\/wp\/v2\/pages"}],"about":[{"href":"http:\/\/maler-neubauer.de\/wordpress\/wp-json\/wp\/v2\/types\/page"}],"author":[{"embeddable":true,"href":"http:\/\/maler-neubauer.de\/wordpress\/wp-json\/wp\/v2\/users\/1"}],"replies":[{"embeddable":true,"href":"http:\/\/maler-neubauer.de\/wordpress\/wp-json\/wp\/v2\/comments?post=12"}],"version-history":[{"count":15,"href":"http:\/\/maler-neubauer.de\/wordpress\/wp-json\/wp\/v2\/pages\/12\/revisions"}],"predecessor-version":[{"id":641,"href":"http:\/\/maler-neubauer.de\/wordpress\/wp-json\/wp\/v2\/pages\/12\/revisions\/641"}],"wp:attachment":[{"href":"http:\/\/maler-neubauer.de\/wordpress\/wp-json\/wp\/v2\/media?parent=12"}],"curies":[{"name":"wp","href":"https:\/\/api.w.org\/{rel}","templated":true}]}}