{"id":61,"date":"2016-03-09T19:57:11","date_gmt":"2016-03-09T18:57:11","guid":{"rendered":"http:\/\/maler-neubauer.de\/wordpress\/?page_id=61"},"modified":"2025-01-29T14:59:56","modified_gmt":"2025-01-29T13:59:56","slug":"referenzen","status":"publish","type":"page","link":"http:\/\/maler-neubauer.de\/wordpress\/referenzen\/","title":{"rendered":"Kunden"},"content":{"rendered":"<p>Aufgrund unserer Zuverl\u00e4ssigkeit und unserer qualit\u00e4tsgerechten Arbeit k\u00f6nnen wir auf sehr viele zufriedene Kunden und Objekte zur\u00fcckschauen.<\/p>\n<p><a href=\"http:\/\/maler-neubauer.de\/wordpress\/wp-content\/uploads\/2016\/03\/neubauer_referenz1.jpg\"  rel=\"lightbox[61] attachment wp-att-62\"><img loading=\"lazy\" decoding=\"async\" class=\"size-thumbnail wp-image-62 alignleft\" src=\"http:\/\/maler-neubauer.de\/wordpress\/wp-content\/uploads\/2016\/03\/neubauer_referenz1-150x150.jpg\" alt=\"neubauer_referenz1\" width=\"150\" height=\"150\" \/><\/a> <a href=\"http:\/\/maler-neubauer.de\/wordpress\/wp-content\/uploads\/2017\/01\/image-2017-01-236.jpg\"  rel=\"lightbox[61] attachment wp-att-230\"><img loading=\"lazy\" decoding=\"async\" class=\" wp-image-230 alignleft\" src=\"http:\/\/maler-neubauer.de\/wordpress\/wp-content\/uploads\/2017\/01\/image-2017-01-236-150x150.jpg\" alt=\"image-2017-01-23(6)\" width=\"151\" height=\"151\" \/><\/a> <a href=\"http:\/\/maler-neubauer.de\/wordpress\/wp-content\/uploads\/2025\/01\/DSC_09881-scaled.jpg\" rel=\"lightbox[61]\"><img loading=\"lazy\" decoding=\"async\" class=\"wp-image-646 alignleft\" src=\"http:\/\/maler-neubauer.de\/wordpress\/wp-content\/uploads\/2025\/01\/DSC_09881-scaled.jpg\" alt=\"\" width=\"229\" height=\"151\" srcset=\"http:\/\/maler-neubauer.de\/wordpress\/wp-content\/uploads\/2025\/01\/DSC_09881-scaled.jpg 2560w, http:\/\/maler-neubauer.de\/wordpress\/wp-content\/uploads\/2025\/01\/DSC_09881-300x199.jpg 300w, http:\/\/maler-neubauer.de\/wordpress\/wp-content\/uploads\/2025\/01\/DSC_09881-1024x678.jpg 1024w, http:\/\/maler-neubauer.de\/wordpress\/wp-content\/uploads\/2025\/01\/DSC_09881-768x509.jpg 768w, http:\/\/maler-neubauer.de\/wordpress\/wp-content\/uploads\/2025\/01\/DSC_09881-1536x1017.jpg 1536w, http:\/\/maler-neubauer.de\/wordpress\/wp-content\/uploads\/2025\/01\/DSC_09881-2048x1356.jpg 2048w, http:\/\/maler-neubauer.de\/wordpress\/wp-content\/uploads\/2025\/01\/DSC_09881-660x437.jpg 660w\" sizes=\"auto, (max-width: 229px) 100vw, 229px\" \/><\/a><\/p>\n<p>&nbsp;<\/p>\n<p>&nbsp;<\/p>\n<p>&nbsp;<\/p>\n<p>&nbsp;<\/p>\n<p>&nbsp;<\/p>\n<p>Hier sind einige Kunden aufgef\u00fchrt:<\/p>\n<ul>\n<li>GWG Weimar<img loading=\"lazy\" decoding=\"async\" class=\"wp-image-66  alignright\" src=\"http:\/\/maler-neubauer.de\/wordpress\/wp-content\/uploads\/2016\/03\/neubauer_referenz5.jpg\" alt=\"neubauer_referenz5\" width=\"244\" height=\"343\" \/><\/li>\n<li>Zentralklinik Bad Berka<\/li>\n<li>MARKO Fleischwaren Blankenhain<\/li>\n<li>EKW Bad Berka<\/li>\n<li>Architektenb\u00fcro Hilse<\/li>\n<li>WBG Gut Heim Erfurt<\/li>\n<li>Architekturb\u00fcro Vierquadrat<\/li>\n<li>WBG Einheit Erfurt eG<\/li>\n<li>Landratsamt Ilmkreis<\/li>\n<li>Schettler Architkten<\/li>\n<li>Architekturb\u00fcro Vierquadrat<\/li>\n<li>Ingenierb\u00fcro May<\/li>\n<li>VWG Arnstadt<\/li>\n<li>Weimarer Wohnst\u00e4tte GmbH<\/li>\n<li>Architekurb\u00fcro Wohlleben<\/li>\n<li>Architekten HELK GmbH<\/li>\n<li>WBG Arnstadt<\/li>\n<li>R &amp; J Planungsb\u00fcro<\/li>\n<li>WBG Erfurt eG<\/li>\n<li>Kommunale Immobilien Jena<\/li>\n<li>TAG Wohnungsges.Th\u00fcr.mbH<\/li>\n<li>Wohngroup Immobilien<\/li>\n<li>PLANWELT Partnerschaft mbB<\/li>\n<li>IOK Baubetreuungs GmbH &amp; Co. KG<\/li>\n<li>ETB Bauprojekt Herr Zabel<\/li>\n<li>Canzler Bau GmbH<\/li>\n<li>MPK Bau GmbH<\/li>\n<li>WWG K\u00f6lleda<\/li>\n<\/ul>\n","protected":false},"excerpt":{"rendered":"<p>Aufgrund unserer Zuverl\u00e4ssigkeit und unserer qualit\u00e4tsgerechten Arbeit k\u00f6nnen wir auf sehr viele zufriedene Kunden und Objekte zur\u00fcckschauen. &nbsp; &nbsp; &nbsp; &nbsp; &nbsp; Hier sind einige Kunden aufgef\u00fchrt: GWG Weimar Zentralklinik Bad Berka MARKO Fleischwaren Blankenhain EKW Bad Berka Architektenb\u00fcro Hilse WBG Gut Heim Erfurt Architekturb\u00fcro Vierquadrat WBG Einheit Erfurt eG Landratsamt Ilmkreis Schettler Architkten Architekturb\u00fcro&#8230; <a class=\"moretag\" href=\"http:\/\/maler-neubauer.de\/wordpress\/referenzen\/\">Weiter lesen &raquo;<\/a><\/p>\n","protected":false},"author":1,"featured_media":0,"parent":0,"menu_order":0,"comment_status":"closed","ping_status":"closed","template":"page-templates\/full-width.php","meta":{"footnotes":""},"class_list":["post-61","page","type-page","status-publish","hentry"],"_links":{"self":[{"href":"http:\/\/maler-neubauer.de\/wordpress\/wp-json\/wp\/v2\/pages\/61","targetHints":{"allow":["GET"]}}],"collection":[{"href":"http:\/\/maler-neubauer.de\/wordpress\/wp-json\/wp\/v2\/pages"}],"about":[{"href":"http:\/\/maler-neubauer.de\/wordpress\/wp-json\/wp\/v2\/types\/page"}],"author":[{"embeddable":true,"href":"http:\/\/maler-neubauer.de\/wordpress\/wp-json\/wp\/v2\/users\/1"}],"replies":[{"embeddable":true,"href":"http:\/\/maler-neubauer.de\/wordpress\/wp-json\/wp\/v2\/comments?post=61"}],"version-history":[{"count":12,"href":"http:\/\/maler-neubauer.de\/wordpress\/wp-json\/wp\/v2\/pages\/61\/revisions"}],"predecessor-version":[{"id":669,"href":"http:\/\/maler-neubauer.de\/wordpress\/wp-json\/wp\/v2\/pages\/61\/revisions\/669"}],"wp:attachment":[{"href":"http:\/\/maler-neubauer.de\/wordpress\/wp-json\/wp\/v2\/media?parent=61"}],"curies":[{"name":"wp","href":"https:\/\/api.w.org\/{rel}","templated":true}]}}