{"id":90,"date":"2016-03-09T20:10:12","date_gmt":"2016-03-09T19:10:12","guid":{"rendered":"http:\/\/maler-neubauer.de\/wordpress\/?page_id=90"},"modified":"2025-01-29T15:30:23","modified_gmt":"2025-01-29T14:30:23","slug":"sponsoring","status":"publish","type":"page","link":"http:\/\/maler-neubauer.de\/wordpress\/sponsoring\/","title":{"rendered":"Sponsoring"},"content":{"rendered":"<p>Unser Unternehmen ist auch aktiv in Sozial- und Nachwuchsf\u00f6rderung t\u00e4tig.<\/p>\n<p>So sind wir zum Beispiel bei folgenden lokalen Ereignissen als helfender Partner zu Gange:<\/p>\n<ul>\n<li>Berkscher Carneval Verein e.V.<\/li>\n<li>B\u00fcrgerstiftung Bad Berka<\/li>\n<li>FC Einheit Bad Berka Frauen, Kinder, M\u00e4nner<\/li>\n<li>Brunnenfest Bad Berka<\/li>\n<li>Kneipp Verein Bad Berka<\/li>\n<li>Dekorationen f\u00fcr Kindertagesst\u00e4tten in Bad Berka<\/li>\n<li>Fu\u00dfballtore f\u00fcr den F\u00f6rderverein &#8222;Grundschule am Hexenberg&#8220;<\/li>\n<\/ul>\n<p><center><a href=\"http:\/\/maler-neubauer.de\/wordpress\/wp-content\/uploads\/2025\/01\/1a4983d1-29e9-446a-8baf-da0a81e613ac.jpg\" rel=\"lightbox[90]\"><img loading=\"lazy\" decoding=\"async\" class=\"wp-image-642 alignleft\" src=\"http:\/\/maler-neubauer.de\/wordpress\/wp-content\/uploads\/2025\/01\/1a4983d1-29e9-446a-8baf-da0a81e613ac.jpg\" alt=\"\" width=\"208\" height=\"370\" srcset=\"http:\/\/maler-neubauer.de\/wordpress\/wp-content\/uploads\/2025\/01\/1a4983d1-29e9-446a-8baf-da0a81e613ac.jpg 899w, http:\/\/maler-neubauer.de\/wordpress\/wp-content\/uploads\/2025\/01\/1a4983d1-29e9-446a-8baf-da0a81e613ac-169x300.jpg 169w, http:\/\/maler-neubauer.de\/wordpress\/wp-content\/uploads\/2025\/01\/1a4983d1-29e9-446a-8baf-da0a81e613ac-576x1024.jpg 576w, http:\/\/maler-neubauer.de\/wordpress\/wp-content\/uploads\/2025\/01\/1a4983d1-29e9-446a-8baf-da0a81e613ac-768x1366.jpg 768w, http:\/\/maler-neubauer.de\/wordpress\/wp-content\/uploads\/2025\/01\/1a4983d1-29e9-446a-8baf-da0a81e613ac-864x1536.jpg 864w, http:\/\/maler-neubauer.de\/wordpress\/wp-content\/uploads\/2025\/01\/1a4983d1-29e9-446a-8baf-da0a81e613ac-660x1174.jpg 660w\" sizes=\"auto, (max-width: 208px) 100vw, 208px\" \/><\/a><a href=\"http:\/\/maler-neubauer.de\/wordpress\/wp-content\/uploads\/2025\/01\/DSC_0015-scaled.jpg\" rel=\"lightbox[90]\"><img loading=\"lazy\" decoding=\"async\" class=\"wp-image-670 alignleft\" src=\"http:\/\/maler-neubauer.de\/wordpress\/wp-content\/uploads\/2025\/01\/DSC_0015-scaled.jpg\" alt=\"\" width=\"212\" height=\"141\" srcset=\"http:\/\/maler-neubauer.de\/wordpress\/wp-content\/uploads\/2025\/01\/DSC_0015-scaled.jpg 2560w, http:\/\/maler-neubauer.de\/wordpress\/wp-content\/uploads\/2025\/01\/DSC_0015-300x199.jpg 300w, http:\/\/maler-neubauer.de\/wordpress\/wp-content\/uploads\/2025\/01\/DSC_0015-1024x678.jpg 1024w, http:\/\/maler-neubauer.de\/wordpress\/wp-content\/uploads\/2025\/01\/DSC_0015-768x509.jpg 768w, http:\/\/maler-neubauer.de\/wordpress\/wp-content\/uploads\/2025\/01\/DSC_0015-1536x1017.jpg 1536w, http:\/\/maler-neubauer.de\/wordpress\/wp-content\/uploads\/2025\/01\/DSC_0015-2048x1356.jpg 2048w, http:\/\/maler-neubauer.de\/wordpress\/wp-content\/uploads\/2025\/01\/DSC_0015-660x437.jpg 660w\" sizes=\"auto, (max-width: 212px) 100vw, 212px\" \/><\/a><a href=\"http:\/\/maler-neubauer.de\/wordpress\/wp-content\/uploads\/2025\/01\/7d5f5e29-7742-443c-8452-11eaa1df6a61.jpg\" rel=\"lightbox[90]\"><img loading=\"lazy\" decoding=\"async\" class=\"alignleft wp-image-644\" src=\"http:\/\/maler-neubauer.de\/wordpress\/wp-content\/uploads\/2025\/01\/7d5f5e29-7742-443c-8452-11eaa1df6a61.jpg\" alt=\"\" width=\"260\" height=\"146\" srcset=\"http:\/\/maler-neubauer.de\/wordpress\/wp-content\/uploads\/2025\/01\/7d5f5e29-7742-443c-8452-11eaa1df6a61.jpg 1600w, http:\/\/maler-neubauer.de\/wordpress\/wp-content\/uploads\/2025\/01\/7d5f5e29-7742-443c-8452-11eaa1df6a61-300x169.jpg 300w, http:\/\/maler-neubauer.de\/wordpress\/wp-content\/uploads\/2025\/01\/7d5f5e29-7742-443c-8452-11eaa1df6a61-1024x576.jpg 1024w, http:\/\/maler-neubauer.de\/wordpress\/wp-content\/uploads\/2025\/01\/7d5f5e29-7742-443c-8452-11eaa1df6a61-768x432.jpg 768w, http:\/\/maler-neubauer.de\/wordpress\/wp-content\/uploads\/2025\/01\/7d5f5e29-7742-443c-8452-11eaa1df6a61-1536x864.jpg 1536w, http:\/\/maler-neubauer.de\/wordpress\/wp-content\/uploads\/2025\/01\/7d5f5e29-7742-443c-8452-11eaa1df6a61-660x371.jpg 660w\" sizes=\"auto, (max-width: 260px) 100vw, 260px\" \/><\/a><a href=\"http:\/\/maler-neubauer.de\/wordpress\/wp-content\/uploads\/2025\/01\/60bc83c7-ffd3-4447-86f4-f2939a59df0b.jpg\" rel=\"lightbox[90]\"><img loading=\"lazy\" decoding=\"async\" class=\"wp-image-643 alignleft\" src=\"http:\/\/maler-neubauer.de\/wordpress\/wp-content\/uploads\/2025\/01\/60bc83c7-ffd3-4447-86f4-f2939a59df0b.jpg\" alt=\"\" width=\"195\" height=\"146\" srcset=\"http:\/\/maler-neubauer.de\/wordpress\/wp-content\/uploads\/2025\/01\/60bc83c7-ffd3-4447-86f4-f2939a59df0b.jpg 1600w, http:\/\/maler-neubauer.de\/wordpress\/wp-content\/uploads\/2025\/01\/60bc83c7-ffd3-4447-86f4-f2939a59df0b-300x225.jpg 300w, http:\/\/maler-neubauer.de\/wordpress\/wp-content\/uploads\/2025\/01\/60bc83c7-ffd3-4447-86f4-f2939a59df0b-1024x768.jpg 1024w, http:\/\/maler-neubauer.de\/wordpress\/wp-content\/uploads\/2025\/01\/60bc83c7-ffd3-4447-86f4-f2939a59df0b-768x576.jpg 768w, http:\/\/maler-neubauer.de\/wordpress\/wp-content\/uploads\/2025\/01\/60bc83c7-ffd3-4447-86f4-f2939a59df0b-1536x1152.jpg 1536w, http:\/\/maler-neubauer.de\/wordpress\/wp-content\/uploads\/2025\/01\/60bc83c7-ffd3-4447-86f4-f2939a59df0b-660x495.jpg 660w\" sizes=\"auto, (max-width: 195px) 100vw, 195px\" \/><\/a><a href=\"http:\/\/maler-neubauer.de\/wordpress\/wp-content\/uploads\/2016\/11\/P1020797.jpg\"  rel=\"lightbox[90] attachment wp-att-196\"><img loading=\"lazy\" decoding=\"async\" class=\"size-thumbnail wp-image-196 alignleft\" src=\"http:\/\/maler-neubauer.de\/wordpress\/wp-content\/uploads\/2016\/11\/P1020797-150x150.jpg\" alt=\"p1020797\" width=\"150\" height=\"150\" \/><\/a><img loading=\"lazy\" decoding=\"async\" class=\"size-thumbnail wp-image-201 alignleft\" src=\"http:\/\/maler-neubauer.de\/wordpress\/wp-content\/uploads\/2016\/11\/P1020793-150x150.jpg\" alt=\"p1020793\" width=\"150\" height=\"150\" \/><a href=\"http:\/\/maler-neubauer.de\/wordpress\/wp-content\/uploads\/2016\/11\/P1020791.jpg\"  rel=\"lightbox[90] attachment wp-att-200\"><img loading=\"lazy\" decoding=\"async\" class=\"size-thumbnail wp-image-200 alignleft\" src=\"http:\/\/maler-neubauer.de\/wordpress\/wp-content\/uploads\/2016\/11\/P1020791-150x150.jpg\" alt=\"p1020791\" width=\"150\" height=\"150\" \/><\/a><a href=\"http:\/\/maler-neubauer.de\/wordpress\/wp-content\/uploads\/2016\/11\/P1020789.jpg\"  rel=\"lightbox[90] attachment wp-att-198\"><img loading=\"lazy\" decoding=\"async\" class=\"size-thumbnail wp-image-198 alignleft\" src=\"http:\/\/maler-neubauer.de\/wordpress\/wp-content\/uploads\/2016\/11\/P1020789-150x150.jpg\" alt=\"p1020789\" width=\"150\" height=\"150\" \/><\/a><a href=\"http:\/\/maler-neubauer.de\/wordpress\/wp-content\/uploads\/2016\/03\/neubauer_sponsoring1.jpg\"  rel=\"lightbox[90] attachment wp-att-92\"><img loading=\"lazy\" decoding=\"async\" class=\"size-thumbnail wp-image-199 alignleft\" src=\"http:\/\/maler-neubauer.de\/wordpress\/wp-content\/uploads\/2016\/11\/P1020790-150x150.jpg\" alt=\"p1020790\" width=\"150\" height=\"150\" \/><\/a><a href=\"http:\/\/maler-neubauer.de\/wordpress\/wp-content\/uploads\/2016\/11\/P1020786.jpg\"  rel=\"lightbox[90] attachment wp-att-197\"><img loading=\"lazy\" decoding=\"async\" class=\"size-thumbnail wp-image-197 alignleft\" src=\"http:\/\/maler-neubauer.de\/wordpress\/wp-content\/uploads\/2016\/11\/P1020786-150x150.jpg\" alt=\"p1020786\" width=\"150\" height=\"150\" \/><\/a><a href=\"http:\/\/maler-neubauer.de\/wordpress\/wp-content\/uploads\/2016\/03\/neubauer_sponsoring1.jpg\"  rel=\"lightbox[90] attachment wp-att-92\"><img loading=\"lazy\" decoding=\"async\" class=\"size-thumbnail wp-image-92 alignleft\" src=\"http:\/\/maler-neubauer.de\/wordpress\/wp-content\/uploads\/2016\/03\/neubauer_sponsoring1-150x150.jpg\" alt=\"neubauer_sponsoring1\" width=\"150\" height=\"150\" \/><\/a><a href=\"http:\/\/maler-neubauer.de\/wordpress\/wp-content\/uploads\/2016\/03\/neubauer_sponsoring3.jpg\"  rel=\"lightbox[90] attachment wp-att-91\"><img loading=\"lazy\" decoding=\"async\" class=\" wp-image-91 alignleft\" src=\"http:\/\/maler-neubauer.de\/wordpress\/wp-content\/uploads\/2016\/03\/neubauer_sponsoring3-150x150.jpg\" alt=\"neubauer_sponsoring3\" width=\"137\" height=\"137\" \/><\/a><img loading=\"lazy\" decoding=\"async\" class=\"size-thumbnail wp-image-93 alignleft\" src=\"http:\/\/maler-neubauer.de\/wordpress\/wp-content\/uploads\/2016\/03\/neubauer_sponsoring2-150x150.jpg\" alt=\"neubauer_sponsoring2\" width=\"150\" height=\"150\" \/><\/center><\/p>\n","protected":false},"excerpt":{"rendered":"<p>Unser Unternehmen ist auch aktiv in Sozial- und Nachwuchsf\u00f6rderung t\u00e4tig. So sind wir zum Beispiel bei folgenden lokalen Ereignissen als helfender Partner zu Gange: Berkscher Carneval Verein e.V. B\u00fcrgerstiftung Bad Berka FC Einheit Bad Berka Frauen, Kinder, M\u00e4nner Brunnenfest Bad Berka Kneipp Verein Bad Berka Dekorationen f\u00fcr Kindertagesst\u00e4tten in Bad Berka Fu\u00dfballtore f\u00fcr den F\u00f6rderverein&#8230; <a class=\"moretag\" href=\"http:\/\/maler-neubauer.de\/wordpress\/sponsoring\/\">Weiter lesen &raquo;<\/a><\/p>\n","protected":false},"author":1,"featured_media":0,"parent":0,"menu_order":0,"comment_status":"closed","ping_status":"closed","template":"page-templates\/full-width.php","meta":{"footnotes":""},"class_list":["post-90","page","type-page","status-publish","hentry"],"_links":{"self":[{"href":"http:\/\/maler-neubauer.de\/wordpress\/wp-json\/wp\/v2\/pages\/90","targetHints":{"allow":["GET"]}}],"collection":[{"href":"http:\/\/maler-neubauer.de\/wordpress\/wp-json\/wp\/v2\/pages"}],"about":[{"href":"http:\/\/maler-neubauer.de\/wordpress\/wp-json\/wp\/v2\/types\/page"}],"author":[{"embeddable":true,"href":"http:\/\/maler-neubauer.de\/wordpress\/wp-json\/wp\/v2\/users\/1"}],"replies":[{"embeddable":true,"href":"http:\/\/maler-neubauer.de\/wordpress\/wp-json\/wp\/v2\/comments?post=90"}],"version-history":[{"count":8,"href":"http:\/\/maler-neubauer.de\/wordpress\/wp-json\/wp\/v2\/pages\/90\/revisions"}],"predecessor-version":[{"id":682,"href":"http:\/\/maler-neubauer.de\/wordpress\/wp-json\/wp\/v2\/pages\/90\/revisions\/682"}],"wp:attachment":[{"href":"http:\/\/maler-neubauer.de\/wordpress\/wp-json\/wp\/v2\/media?parent=90"}],"curies":[{"name":"wp","href":"https:\/\/api.w.org\/{rel}","templated":true}]}}